{"id":21,"date":"2021-09-11T16:20:58","date_gmt":"2021-09-11T16:20:58","guid":{"rendered":"http:\/\/odnowaradosc.inteligentnydom.atthost24.pl\/?page_id=21"},"modified":"2021-09-19T18:31:57","modified_gmt":"2021-09-19T16:31:57","slug":"stale-ogloszenia","status":"publish","type":"page","link":"http:\/\/odnowaradosc.inteligentnydom.atthost24.pl\/?page_id=21","title":{"rendered":"Sta\u0142e og\u0142oszenia"},"content":{"rendered":"\n<p>Spotkania odbywaj\u0105 si\u0119 w ka\u017cdy poniedzia\u0142ek w ko\u015bciele parafialnym w Rado\u015bci. Rozpocz\u0119cie o godz. 19:00, msz\u0105 \u015bwi\u0119t\u0105. Nast\u0119pnie w\u0142a\u015bciwe spotkanie. Msz\u0119 \u015bwi\u0119t\u0105 odprawia i prowadzi spotkania ksi\u0105dz Kamil. <br>Zako\u0144czenie, zwykle ok. 21:00.<\/p>\n\n\n\n<p><\/p>\n\n\n\n<figure class=\"wp-block-image size-full\"><img loading=\"lazy\" width=\"990\" height=\"800\" src=\"http:\/\/odnowaradosc.inteligentnydom.atthost24.pl\/wp-content\/uploads\/2021\/09\/Koscil-foto.png\" alt=\"\" class=\"wp-image-57\" srcset=\"http:\/\/odnowaradosc.inteligentnydom.atthost24.pl\/wp-content\/uploads\/2021\/09\/Koscil-foto.png 990w, http:\/\/odnowaradosc.inteligentnydom.atthost24.pl\/wp-content\/uploads\/2021\/09\/Koscil-foto-300x242.png 300w, http:\/\/odnowaradosc.inteligentnydom.atthost24.pl\/wp-content\/uploads\/2021\/09\/Koscil-foto-768x621.png 768w, http:\/\/odnowaradosc.inteligentnydom.atthost24.pl\/wp-content\/uploads\/2021\/09\/Koscil-foto-850x687.png 850w\" sizes=\"(max-width: 990px) 100vw, 990px\" \/><\/figure>\n\n\n\n<p><\/p>\n","protected":false},"excerpt":{"rendered":"<p>Spotkania odbywaj\u0105 si\u0119 w ka\u017cdy poniedzia\u0142ek w ko\u015bciele parafialnym w Rado\u015bci. Rozpocz\u0119cie o godz. 19:00, msz\u0105 \u015bwi\u0119t\u0105. Nast\u0119pnie w\u0142a\u015bciwe spotkanie. Msz\u0119 \u015bwi\u0119t\u0105 odprawia i prowadzi spotkania ksi\u0105dz Kamil. Zako\u0144czenie, zwykle ok. 21:00.<\/p>\n","protected":false},"author":1,"featured_media":0,"parent":0,"menu_order":0,"comment_status":"closed","ping_status":"closed","template":"","meta":[],"_links":{"self":[{"href":"http:\/\/odnowaradosc.inteligentnydom.atthost24.pl\/index.php?rest_route=\/wp\/v2\/pages\/21"}],"collection":[{"href":"http:\/\/odnowaradosc.inteligentnydom.atthost24.pl\/index.php?rest_route=\/wp\/v2\/pages"}],"about":[{"href":"http:\/\/odnowaradosc.inteligentnydom.atthost24.pl\/index.php?rest_route=\/wp\/v2\/types\/page"}],"author":[{"embeddable":true,"href":"http:\/\/odnowaradosc.inteligentnydom.atthost24.pl\/index.php?rest_route=\/wp\/v2\/users\/1"}],"replies":[{"embeddable":true,"href":"http:\/\/odnowaradosc.inteligentnydom.atthost24.pl\/index.php?rest_route=%2Fwp%2Fv2%2Fcomments&post=21"}],"version-history":[{"count":4,"href":"http:\/\/odnowaradosc.inteligentnydom.atthost24.pl\/index.php?rest_route=\/wp\/v2\/pages\/21\/revisions"}],"predecessor-version":[{"id":59,"href":"http:\/\/odnowaradosc.inteligentnydom.atthost24.pl\/index.php?rest_route=\/wp\/v2\/pages\/21\/revisions\/59"}],"wp:attachment":[{"href":"http:\/\/odnowaradosc.inteligentnydom.atthost24.pl\/index.php?rest_route=%2Fwp%2Fv2%2Fmedia&parent=21"}],"curies":[{"name":"wp","href":"https:\/\/api.w.org\/{rel}","templated":true}]}}